{"id":629,"date":"2018-06-14T16:01:18","date_gmt":"2018-06-14T16:01:18","guid":{"rendered":"https:\/\/radioprincesa2010.com.br\/fm\/?page_id=629"},"modified":"2026-03-12T23:20:01","modified_gmt":"2026-03-12T23:20:01","slug":"ouca-a-radio","status":"publish","type":"page","link":"https:\/\/radioprincesa2010.com.br\/fm\/ouca-a-radio\/","title":{"rendered":"Ou\u00e7a a r\u00e1dio"},"content":{"rendered":"<div id=\"fb-root\"><\/div>\n<section class=\"kc-elm kc-css-326702 kc_row\"><div class=\"kc-row-container  kc-container\"><div class=\"kc-wrap-columns\"><div class=\"kc-elm kc-css-984396 kc_col-sm-6 kc_column kc_col-sm-6\"><div class=\"kc-col-container\"><div class=\"kc-elm kc-css-925214 kc_text_block\"><\/p>\n<p><a href=\"https:\/\/www.radios.com.br\/play\/34584\"><img loading=\"lazy\" decoding=\"async\" class=\"alignnone\" src=\"https:\/\/radioprincesa2010.com.br\/fm\/wp-content\/uploads\/2020\/05\/LOGO.png\" alt=\"\" width=\"150\" height=\"150\" \/><\/a><\/p>\n<p><a href=\"https:\/\/www.radios.com.br\/play\/34584\">Clique aqui e ou\u00e7a<\/a><\/p>\n<p>\n<\/div><\/div><\/div><div class=\"kc-elm kc-css-92905 kc_col-sm-6 kc_column kc_col-sm-6\"><div class=\"kc-col-container\"><\/div><\/div><\/div><\/div><\/section><section class=\"kc-elm kc-css-695059 kc_row\"><div class=\"kc-row-container  kc-container\"><div class=\"kc-wrap-columns\"><div class=\"kc-elm kc-css-381578 kc_col-sm-6 kc_column kc_col-sm-6\"><div class=\"kc-col-container\"><div class=\"kc-elm kc-css-431304 kc_text_block\"><\/p>\n<p>OU\u00c7A COM ALTA QUALIDADE DE \u00c1UDIO:<br \/><script type=\"text\/javascript\" src=\"https:\/\/hosted.muses.org\/mrp.js\"><\/script><br \/><script type=\"text\/javascript\">\nMRP.insert({\n&#039;url&#039;:&#039;https:\/\/centova.svdns.com.br:2436\/stream&#039;,\n&#039;codec&#039;:&#039;mp3&#039;,\n&#039;volume&#039;:50,\n&#039;autoplay&#039;:false,\n&#039;forceHTML5&#039;:true,\n&#039;jsevents&#039;:false,\n&#039;buffering&#039;:0,\n&#039;title&#039;:&#039;Radio Princesa FM - Com voce o tempo todo&#039;,\n&#039;wmode&#039;:&#039;transparent&#039;,\n&#039;skin&#039;:&#039;oldstereo&#039;,\n&#039;width&#039;:318,\n&#039;height&#039;:130\n});\n<\/script><\/p>\n<p>BAIXA QUALIDADE, PARA INTERNET LENTA:<br \/><script type=\"text\/javascript\" src=\"https:\/\/hosted.muses.org\/mrp.js\"><\/script><br \/><script type=\"text\/javascript\">\nMRP.insert({\n&#039;url&#039;:&#039;https:\/\/centova.svdns.com.br:2210\/stream&#039;,\n&#039;codec&#039;:&#039;mp3&#039;,\n&#039;volume&#039;:50,\n&#039;autoplay&#039;:false,\n&#039;forceHTML5&#039;:true,\n&#039;jsevents&#039;:false,\n&#039;buffering&#039;:0,\n&#039;title&#039;:&#039;Radio Princesa FM - Com voce o tempo todo&#039;,\n&#039;wmode&#039;:&#039;transparent&#039;,\n&#039;skin&#039;:&#039;oldstereo&#039;,\n&#039;width&#039;:318,\n&#039;height&#039;:130\n});\n<\/script><\/p>\n<p>\n<\/div><div class=\"kc-elm kc-css-314795 kc_text_block\"><p>OU\u00c7A COM ALTA QUALIDADE DE \u00c1UDIO:<br \/><script type=\"text\/javascript\" src=\"https:\/\/hosted.muses.org\/mrp.js\"><\/script><br \/><script type=\"text\/javascript\">\nMRP.insert({\n&#039;url&#039;:&#039;https:\/\/centova.svdns.com.br:8550\/stream&#039;,\n&#039;codec&#039;:&#039;mp3&#039;,\n&#039;volume&#039;:50,\n&#039;autoplay&#039;:false,\n&#039;forceHTML5&#039;:true,\n&#039;jsevents&#039;:false,\n&#039;buffering&#039;:0,\n&#039;title&#039;:&#039;Radio Princesa FM - Com voce o tempo todo&#039;,\n&#039;wmode&#039;:&#039;transparent&#039;,\n&#039;skin&#039;:&#039;oldstereo&#039;,\n&#039;width&#039;:318,\n&#039;height&#039;:130\n});\n<\/script><\/p>\n<p>&nbsp;<\/p>\n<\/div><\/div><\/div><div class=\"kc-elm kc-css-484658 kc_col-sm-6 kc_column kc_col-sm-6\"><div class=\"kc-col-container\"><div class=\"kc-elm kc-css-406289 kc_text_block\"><\/p>\n<p>Aplicativo Android, <a href=\"https:\/\/radioprincesa2010.com.br\/fm\/baixe-o-aplicativo-da-princesa-fm\/\">BAIXE AQUI<\/a><\/p>\n<\/p>\n<p>OU NO COMPUTADOR, USE AS OP\u00c7\u00d5ES ABAIXO:<\/p>\n<\/p>\n<p>LINK 1<\/p>\n<\/p>\n<figure class=\"wp-block-image size-large\"><img loading=\"lazy\" decoding=\"async\" width=\"16\" height=\"16\" class=\"wp-image-2234\" src=\"https:\/\/radioprincesa2010.com.br\/fm\/wp-content\/uploads\/2020\/04\/tunein-pls.png\" alt=\"\" \/><\/p><figcaption>Ou\u00e7a no Winamp: <a href=\"https:\/\/centova.svdns.com.br\/tunein\/princesa1.pls\">BAIXE AQUI<\/a><\/figcaption><\/figure>\n<\/p>\n<figure class=\"wp-block-image size-large\"><img loading=\"lazy\" decoding=\"async\" width=\"16\" height=\"16\" class=\"wp-image-2233\" src=\"https:\/\/radioprincesa2010.com.br\/fm\/wp-content\/uploads\/2020\/04\/tunein-asx.png\" alt=\"\" \/><\/p><figcaption>Ou\u00e7a no Windows Media Player: <a href=\"https:\/\/centova.svdns.com.br\/tunein\/princesa1.asx\">BAIXE AQUI <\/a><\/figcaption><\/figure>\n<\/p>\n<figure class=\"wp-block-image size-large\"><img loading=\"lazy\" decoding=\"async\" width=\"16\" height=\"16\" class=\"wp-image-2236\" src=\"https:\/\/radioprincesa2010.com.br\/fm\/wp-content\/uploads\/2020\/04\/tunein-ram.png\" alt=\"\" \/><\/p><figcaption>Ou\u00e7a no Real Player: <a href=\"https:\/\/centova.svdns.com.br\/tunein\/princesa1.ram\">BAIXE AQUI<\/a><\/figcaption><\/figure>\n<\/p>\n<figure class=\"wp-block-image size-large\"><img loading=\"lazy\" decoding=\"async\" width=\"16\" height=\"16\" class=\"wp-image-2235\" src=\"https:\/\/radioprincesa2010.com.br\/fm\/wp-content\/uploads\/2020\/04\/tunein-qtl.png\" alt=\"\" \/><\/p><figcaption>Ou\u00e7a no Quick Time: <a href=\"https:\/\/centova.svdns.com.br\/tunein\/princesa1.qtl\">BAIXE AQUI<\/a><\/figcaption><\/figure>\n<\/p>\n<\/p>\n<p>LINK 2<\/p>\n<\/p>\n<figure class=\"wp-block-image size-large\"><img loading=\"lazy\" decoding=\"async\" width=\"16\" height=\"16\" class=\"wp-image-2234\" src=\"https:\/\/radioprincesa2010.com.br\/fm\/wp-content\/uploads\/2020\/04\/tunein-pls.png\" alt=\"\" \/><\/p><figcaption>Ou\u00e7a no Winamp: <a href=\"https:\/\/centova.svdns.com.br\/tunein\/princesa2.pls\">BAIXE AQUI <\/a><\/figcaption><\/figure>\n<\/p>\n<figure class=\"wp-block-image size-large\"><img loading=\"lazy\" decoding=\"async\" width=\"16\" height=\"16\" class=\"wp-image-2233\" src=\"https:\/\/radioprincesa2010.com.br\/fm\/wp-content\/uploads\/2020\/04\/tunein-asx.png\" alt=\"\" \/><\/p><figcaption>Ou\u00e7a no Windows Media Player: <a href=\"https:\/\/centova.svdns.com.br\/tunein\/princesa2.asx\">BAIXE AQUI<\/a><\/figcaption><\/figure>\n<\/p>\n<figure class=\"wp-block-image size-large\"><img loading=\"lazy\" decoding=\"async\" width=\"16\" height=\"16\" class=\"wp-image-2236\" src=\"https:\/\/radioprincesa2010.com.br\/fm\/wp-content\/uploads\/2020\/04\/tunein-ram.png\" alt=\"\" \/><\/p><figcaption>Ou\u00e7a no Real Player: <a href=\"https:\/\/centova.svdns.com.br\/tunein\/princesa2.ram\">BAIXE AQUI<\/a><\/figcaption><\/figure>\n<\/p>\n<figure class=\"wp-block-image size-large\"><img loading=\"lazy\" decoding=\"async\" width=\"16\" height=\"16\" class=\"wp-image-2235\" src=\"https:\/\/radioprincesa2010.com.br\/fm\/wp-content\/uploads\/2020\/04\/tunein-qtl.png\" alt=\"\" \/><\/p><figcaption>Ou\u00e7a no Quick Time: <a href=\"https:\/\/centova.svdns.com.br\/tunein\/princesa2.qtl\">BAIXE AQUI<\/a><\/figcaption><\/figure>\n<\/p>\n<\/p>\n<\/p>\n<p>\n<\/div><\/div><\/div><\/div><\/div><\/section>","protected":false},"excerpt":{"rendered":"","protected":false},"author":1,"featured_media":0,"parent":0,"menu_order":0,"comment_status":"closed","ping_status":"closed","template":"","meta":{"footnotes":""},"class_list":["post-629","page","type-page","status-publish","hentry"],"yoast_head":"<!-- This site is optimized with the Yoast SEO plugin v16.1.1 - https:\/\/yoast.com\/wordpress\/plugins\/seo\/ -->\n<title>Ou\u00e7a a r\u00e1dio - R\u00e1dio Princesa FM 104.9 Mhz<\/title>\n<link rel=\"canonical\" href=\"https:\/\/radioprincesa2010.com.br\/fm\/ouca-a-radio\/\" \/>\n<meta property=\"og:locale\" content=\"pt_BR\" \/>\n<meta property=\"og:type\" content=\"article\" \/>\n<meta property=\"og:title\" content=\"Ou\u00e7a a r\u00e1dio - R\u00e1dio Princesa FM 104.9 Mhz\" \/>\n<meta property=\"og:description\" content=\"Clique aqui e ou\u00e7a OU\u00c7A COM ALTA QUALIDADE DE \u00c1UDIO: BAIXA QUALIDADE, PARA INTERNET LENTA: OU\u00c7A COM ALTA QUALIDADE DE \u00c1UDIO: &nbsp; Aplicativo Android, BAIXE AQUI OU NO COMPUTADOR, USE AS OP\u00c7\u00d5ES ABAIXO: LINK 1 LINK 2\" \/>\n<meta property=\"og:url\" content=\"https:\/\/radioprincesa2010.com.br\/fm\/ouca-a-radio\/\" \/>\n<meta property=\"og:site_name\" content=\"R\u00e1dio Princesa FM 104.9 Mhz\" \/>\n<meta property=\"article:modified_time\" content=\"2026-03-12T23:20:01+00:00\" \/>\n<meta property=\"og:image\" content=\"https:\/\/radioprincesa2010.com.br\/fm\/wp-content\/uploads\/2020\/05\/LOGO.png\" \/>\n<meta name=\"twitter:card\" content=\"summary_large_image\" \/>\n<script type=\"application\/ld+json\" class=\"yoast-schema-graph\">{\"@context\":\"https:\/\/schema.org\",\"@graph\":[{\"@type\":\"WebSite\",\"@id\":\"https:\/\/radioprincesa2010.com.br\/fm\/#website\",\"url\":\"https:\/\/radioprincesa2010.com.br\/fm\/\",\"name\":\"R\\u00e1dio Princesa FM 104.9 Mhz\",\"description\":\"Com voc\\u00ea o tempo todo\",\"potentialAction\":[{\"@type\":\"SearchAction\",\"target\":\"https:\/\/radioprincesa2010.com.br\/fm\/?s={search_term_string}\",\"query-input\":\"required name=search_term_string\"}],\"inLanguage\":\"pt-BR\"},{\"@type\":\"ImageObject\",\"@id\":\"https:\/\/radioprincesa2010.com.br\/fm\/ouca-a-radio\/#primaryimage\",\"inLanguage\":\"pt-BR\",\"url\":\"https:\/\/radioprincesa2010.com.br\/fm\/wp-content\/uploads\/2020\/05\/LOGO.png\",\"contentUrl\":\"https:\/\/radioprincesa2010.com.br\/fm\/wp-content\/uploads\/2020\/05\/LOGO.png\",\"width\":150,\"height\":150},{\"@type\":\"WebPage\",\"@id\":\"https:\/\/radioprincesa2010.com.br\/fm\/ouca-a-radio\/#webpage\",\"url\":\"https:\/\/radioprincesa2010.com.br\/fm\/ouca-a-radio\/\",\"name\":\"Ou\\u00e7a a r\\u00e1dio - R\\u00e1dio Princesa FM 104.9 Mhz\",\"isPartOf\":{\"@id\":\"https:\/\/radioprincesa2010.com.br\/fm\/#website\"},\"primaryImageOfPage\":{\"@id\":\"https:\/\/radioprincesa2010.com.br\/fm\/ouca-a-radio\/#primaryimage\"},\"datePublished\":\"2018-06-14T16:01:18+00:00\",\"dateModified\":\"2026-03-12T23:20:01+00:00\",\"breadcrumb\":{\"@id\":\"https:\/\/radioprincesa2010.com.br\/fm\/ouca-a-radio\/#breadcrumb\"},\"inLanguage\":\"pt-BR\",\"potentialAction\":[{\"@type\":\"ReadAction\",\"target\":[\"https:\/\/radioprincesa2010.com.br\/fm\/ouca-a-radio\/\"]}]},{\"@type\":\"BreadcrumbList\",\"@id\":\"https:\/\/radioprincesa2010.com.br\/fm\/ouca-a-radio\/#breadcrumb\",\"itemListElement\":[{\"@type\":\"ListItem\",\"position\":1,\"item\":{\"@type\":\"WebPage\",\"@id\":\"https:\/\/radioprincesa2010.com.br\/fm\/\",\"url\":\"https:\/\/radioprincesa2010.com.br\/fm\/\",\"name\":\"In\\u00edcio\"}},{\"@type\":\"ListItem\",\"position\":2,\"item\":{\"@type\":\"WebPage\",\"@id\":\"https:\/\/radioprincesa2010.com.br\/fm\/ouca-a-radio\/\",\"url\":\"https:\/\/radioprincesa2010.com.br\/fm\/ouca-a-radio\/\",\"name\":\"Ou\\u00e7a a r\\u00e1dio\"}}]}]}<\/script>\n<!-- \/ Yoast SEO plugin. -->","_links":{"self":[{"href":"https:\/\/radioprincesa2010.com.br\/fm\/wp-json\/wp\/v2\/pages\/629","targetHints":{"allow":["GET"]}}],"collection":[{"href":"https:\/\/radioprincesa2010.com.br\/fm\/wp-json\/wp\/v2\/pages"}],"about":[{"href":"https:\/\/radioprincesa2010.com.br\/fm\/wp-json\/wp\/v2\/types\/page"}],"author":[{"embeddable":true,"href":"https:\/\/radioprincesa2010.com.br\/fm\/wp-json\/wp\/v2\/users\/1"}],"replies":[{"embeddable":true,"href":"https:\/\/radioprincesa2010.com.br\/fm\/wp-json\/wp\/v2\/comments?post=629"}],"version-history":[{"count":47,"href":"https:\/\/radioprincesa2010.com.br\/fm\/wp-json\/wp\/v2\/pages\/629\/revisions"}],"predecessor-version":[{"id":11126,"href":"https:\/\/radioprincesa2010.com.br\/fm\/wp-json\/wp\/v2\/pages\/629\/revisions\/11126"}],"wp:attachment":[{"href":"https:\/\/radioprincesa2010.com.br\/fm\/wp-json\/wp\/v2\/media?parent=629"}],"curies":[{"name":"wp","href":"https:\/\/api.w.org\/{rel}","templated":true}]}}