{"id":1039,"date":"2018-09-13T02:01:51","date_gmt":"2018-09-13T02:01:51","guid":{"rendered":"https:\/\/radioprincesa2010.com.br\/fm\/?page_id=1039"},"modified":"2020-05-11T12:40:00","modified_gmt":"2020-05-11T12:40:00","slug":"baixe-o-aplicativo-da-princesa-fm","status":"publish","type":"page","link":"https:\/\/radioprincesa2010.com.br\/fm\/baixe-o-aplicativo-da-princesa-fm\/","title":{"rendered":"Baixe o Aplicativo da Princesa FM"},"content":{"rendered":"<div id=\"fb-root\"><\/div>\n<p>Toque abaixo, na op\u00e7\u00e3o que voc\u00ea desejar, para baixar e instalar o Aplicativo Android da Princesa FM 104.9 Mhz de Selbach\/RS. Ou\u00e7a em alta qualidade de \u00e1udio abaixo:<\/p>\n<h1><strong>ATUALIZADO EM: 22\/02\/2020<\/strong><\/h1>\n<h4><a href=\"https:\/\/radioprincesa2010.com.br\/\/fm\/AppAndroid\/Radio_Princesa_fevereiro_2020.apk\">BAIXE AQUI (MANUALMENTE) Vers\u00e3o 2.0 (PERMITA A INSTALA\u00c7\u00c3O CASO BLOQUEAR)<\/a><\/h4>\n<h6><img loading=\"lazy\" decoding=\"async\" class=\"wp-image-2025 aligncenter\" src=\"https:\/\/radioprincesa2010.com.br\/fm\/wp-content\/uploads\/2020\/02\/WhatsApp-Image-2020-02-23-at-11.07.37.jpeg\" alt=\"\" width=\"418\" height=\"712\" srcset=\"https:\/\/radioprincesa2010.com.br\/fm\/wp-content\/uploads\/2020\/02\/WhatsApp-Image-2020-02-23-at-11.07.37.jpeg 720w, https:\/\/radioprincesa2010.com.br\/fm\/wp-content\/uploads\/2020\/02\/WhatsApp-Image-2020-02-23-at-11.07.37-176x300.jpeg 176w, https:\/\/radioprincesa2010.com.br\/fm\/wp-content\/uploads\/2020\/02\/WhatsApp-Image-2020-02-23-at-11.07.37-601x1024.jpeg 601w\" sizes=\"auto, (max-width: 418px) 100vw, 418px\" \/><\/h6>\n<p>Caso tenha d\u00favidas na instala\u00e7\u00e3o, use o tutorial abaixo:<\/p>\n<p><img loading=\"lazy\" decoding=\"async\" class=\"alignnone size-full wp-image-1303\" src=\"https:\/\/radioprincesa2010.com.br\/fm\/wp-content\/uploads\/2018\/11\/1.jpeg\" alt=\"\" width=\"695\" height=\"876\" srcset=\"https:\/\/radioprincesa2010.com.br\/fm\/wp-content\/uploads\/2018\/11\/1.jpeg 695w, https:\/\/radioprincesa2010.com.br\/fm\/wp-content\/uploads\/2018\/11\/1-238x300.jpeg 238w\" sizes=\"auto, (max-width: 695px) 100vw, 695px\" \/><\/p>\n<p>INSTRU\u00c7\u00d5ES PARA BAIXAR E INSTALAR:<\/p>\n<p>1 -Toque acima, escolha a vers\u00e3o e inicie o download do aplicativo. Aguarde o download terminar.<\/p>\n<p><img loading=\"lazy\" decoding=\"async\" class=\"alignnone size-full wp-image-1046\" src=\"https:\/\/radioprincesa2010.com.br\/fm\/wp-content\/uploads\/2018\/09\/4.jpeg\" alt=\"\" width=\"720\" height=\"1280\" srcset=\"https:\/\/radioprincesa2010.com.br\/fm\/wp-content\/uploads\/2018\/09\/4.jpeg 720w, https:\/\/radioprincesa2010.com.br\/fm\/wp-content\/uploads\/2018\/09\/4-169x300.jpeg 169w, https:\/\/radioprincesa2010.com.br\/fm\/wp-content\/uploads\/2018\/09\/4-576x1024.jpeg 576w\" sizes=\"auto, (max-width: 720px) 100vw, 720px\" \/><\/p>\n<p>2 &#8211; Toque em ABRIR<\/p>\n<p><img loading=\"lazy\" decoding=\"async\" class=\"alignnone size-full wp-image-1047\" src=\"https:\/\/radioprincesa2010.com.br\/fm\/wp-content\/uploads\/2018\/09\/5.jpeg\" alt=\"\" width=\"720\" height=\"1280\" srcset=\"https:\/\/radioprincesa2010.com.br\/fm\/wp-content\/uploads\/2018\/09\/5.jpeg 720w, https:\/\/radioprincesa2010.com.br\/fm\/wp-content\/uploads\/2018\/09\/5-169x300.jpeg 169w, https:\/\/radioprincesa2010.com.br\/fm\/wp-content\/uploads\/2018\/09\/5-576x1024.jpeg 576w\" sizes=\"auto, (max-width: 720px) 100vw, 720px\" \/><\/p>\n<p>3 &#8211; Ou procure e toque aqui.<\/p>\n<p><img loading=\"lazy\" decoding=\"async\" class=\"alignnone size-full wp-image-1048\" src=\"https:\/\/radioprincesa2010.com.br\/fm\/wp-content\/uploads\/2018\/09\/6.jpeg\" alt=\"\" width=\"720\" height=\"1280\" srcset=\"https:\/\/radioprincesa2010.com.br\/fm\/wp-content\/uploads\/2018\/09\/6.jpeg 720w, https:\/\/radioprincesa2010.com.br\/fm\/wp-content\/uploads\/2018\/09\/6-169x300.jpeg 169w, https:\/\/radioprincesa2010.com.br\/fm\/wp-content\/uploads\/2018\/09\/6-576x1024.jpeg 576w\" sizes=\"auto, (max-width: 720px) 100vw, 720px\" \/><\/p>\n<p>4 &#8211; Nosso plicativo n\u00e3o est\u00e1 na Play Store do Google, portanto voc\u00ea precisa desbloquear abaixo tocando em CONFIGURA\u00c7\u00d5ES<\/p>\n<p><img loading=\"lazy\" decoding=\"async\" class=\"alignnone size-full wp-image-1049\" src=\"https:\/\/radioprincesa2010.com.br\/fm\/wp-content\/uploads\/2018\/09\/7.jpeg\" alt=\"\" width=\"720\" height=\"1280\" srcset=\"https:\/\/radioprincesa2010.com.br\/fm\/wp-content\/uploads\/2018\/09\/7.jpeg 720w, https:\/\/radioprincesa2010.com.br\/fm\/wp-content\/uploads\/2018\/09\/7-169x300.jpeg 169w, https:\/\/radioprincesa2010.com.br\/fm\/wp-content\/uploads\/2018\/09\/7-576x1024.jpeg 576w\" sizes=\"auto, (max-width: 720px) 100vw, 720px\" \/><\/p>\n<p>5 &#8211; Permita a instala\u00e7\u00e3o de aplicativos de outras fontes al\u00e9m da Play Store<\/p>\n<p><img loading=\"lazy\" decoding=\"async\" class=\"alignnone size-full wp-image-1050\" src=\"https:\/\/radioprincesa2010.com.br\/fm\/wp-content\/uploads\/2018\/09\/8.jpeg\" alt=\"\" width=\"720\" height=\"1280\" srcset=\"https:\/\/radioprincesa2010.com.br\/fm\/wp-content\/uploads\/2018\/09\/8.jpeg 720w, https:\/\/radioprincesa2010.com.br\/fm\/wp-content\/uploads\/2018\/09\/8-169x300.jpeg 169w, https:\/\/radioprincesa2010.com.br\/fm\/wp-content\/uploads\/2018\/09\/8-576x1024.jpeg 576w\" sizes=\"auto, (max-width: 720px) 100vw, 720px\" \/><\/p>\n<p>6 &#8211; Por seguran\u00e7a, deixe marcada a op\u00e7\u00e3o abaixo e toque em OK<\/p>\n<p><img loading=\"lazy\" decoding=\"async\" class=\"alignnone size-full wp-image-1051\" src=\"https:\/\/radioprincesa2010.com.br\/fm\/wp-content\/uploads\/2018\/09\/9.jpeg\" alt=\"\" width=\"720\" height=\"1280\" srcset=\"https:\/\/radioprincesa2010.com.br\/fm\/wp-content\/uploads\/2018\/09\/9.jpeg 720w, https:\/\/radioprincesa2010.com.br\/fm\/wp-content\/uploads\/2018\/09\/9-169x300.jpeg 169w, https:\/\/radioprincesa2010.com.br\/fm\/wp-content\/uploads\/2018\/09\/9-576x1024.jpeg 576w\" sizes=\"auto, (max-width: 720px) 100vw, 720px\" \/><\/p>\n<p>7 &#8211; Clique em instalar<\/p>\n<p><img loading=\"lazy\" decoding=\"async\" class=\"alignnone size-full wp-image-1052\" src=\"https:\/\/radioprincesa2010.com.br\/fm\/wp-content\/uploads\/2018\/09\/10.jpeg\" alt=\"\" width=\"720\" height=\"1280\" srcset=\"https:\/\/radioprincesa2010.com.br\/fm\/wp-content\/uploads\/2018\/09\/10.jpeg 720w, https:\/\/radioprincesa2010.com.br\/fm\/wp-content\/uploads\/2018\/09\/10-169x300.jpeg 169w, https:\/\/radioprincesa2010.com.br\/fm\/wp-content\/uploads\/2018\/09\/10-576x1024.jpeg 576w\" sizes=\"auto, (max-width: 720px) 100vw, 720px\" \/><\/p>\n<p>8 &#8211; Aguarde&#8230;<\/p>\n<p><img loading=\"lazy\" decoding=\"async\" class=\"alignnone size-full wp-image-1053\" src=\"https:\/\/radioprincesa2010.com.br\/fm\/wp-content\/uploads\/2018\/09\/11.jpeg\" alt=\"\" width=\"720\" height=\"1280\" srcset=\"https:\/\/radioprincesa2010.com.br\/fm\/wp-content\/uploads\/2018\/09\/11.jpeg 720w, https:\/\/radioprincesa2010.com.br\/fm\/wp-content\/uploads\/2018\/09\/11-169x300.jpeg 169w, https:\/\/radioprincesa2010.com.br\/fm\/wp-content\/uploads\/2018\/09\/11-576x1024.jpeg 576w\" sizes=\"auto, (max-width: 720px) 100vw, 720px\" \/><\/p>\n<p>9 &#8211; Clique em abrir<\/p>\n<p><img loading=\"lazy\" decoding=\"async\" class=\"alignnone size-full wp-image-1054\" src=\"https:\/\/radioprincesa2010.com.br\/fm\/wp-content\/uploads\/2018\/09\/12.jpeg\" alt=\"\" width=\"720\" height=\"1280\" srcset=\"https:\/\/radioprincesa2010.com.br\/fm\/wp-content\/uploads\/2018\/09\/12.jpeg 720w, https:\/\/radioprincesa2010.com.br\/fm\/wp-content\/uploads\/2018\/09\/12-169x300.jpeg 169w, https:\/\/radioprincesa2010.com.br\/fm\/wp-content\/uploads\/2018\/09\/12-576x1024.jpeg 576w\" sizes=\"auto, (max-width: 720px) 100vw, 720px\" \/><\/p>\n<p>10 &#8211; D\u00ea o play e aproveite<\/p>\n<p><img loading=\"lazy\" decoding=\"async\" class=\"alignnone size-full wp-image-1055\" src=\"https:\/\/radioprincesa2010.com.br\/fm\/wp-content\/uploads\/2018\/09\/13.jpeg\" alt=\"\" width=\"720\" height=\"1280\" srcset=\"https:\/\/radioprincesa2010.com.br\/fm\/wp-content\/uploads\/2018\/09\/13.jpeg 720w, https:\/\/radioprincesa2010.com.br\/fm\/wp-content\/uploads\/2018\/09\/13-169x300.jpeg 169w, https:\/\/radioprincesa2010.com.br\/fm\/wp-content\/uploads\/2018\/09\/13-576x1024.jpeg 576w\" sizes=\"auto, (max-width: 720px) 100vw, 720px\" \/><\/p>\n<p>11 &#8211; Princesa FM, com voc\u00ea o tempo todo.<\/p>\n<p><img loading=\"lazy\" decoding=\"async\" class=\"alignnone size-full wp-image-1056\" src=\"https:\/\/radioprincesa2010.com.br\/fm\/wp-content\/uploads\/2018\/09\/14.jpeg\" alt=\"\" width=\"720\" height=\"1280\" srcset=\"https:\/\/radioprincesa2010.com.br\/fm\/wp-content\/uploads\/2018\/09\/14.jpeg 720w, https:\/\/radioprincesa2010.com.br\/fm\/wp-content\/uploads\/2018\/09\/14-169x300.jpeg 169w, https:\/\/radioprincesa2010.com.br\/fm\/wp-content\/uploads\/2018\/09\/14-576x1024.jpeg 576w\" sizes=\"auto, (max-width: 720px) 100vw, 720px\" \/><\/p>\n<p>PRODUZIDO POR&nbsp;<a href=\"https:\/\/divulgueconosco.com.br\/\">Divulga\u00e7\u00e3o By Ariel<\/a><\/p>\n","protected":false},"excerpt":{"rendered":"<p>Toque abaixo, na op\u00e7\u00e3o que voc\u00ea desejar, para baixar e instalar o Aplicativo Android da Princesa FM 104.9 Mhz de Selbach\/RS. Ou\u00e7a em alta qualidade de \u00e1udio abaixo: ATUALIZADO EM: 22\/02\/2020 BAIXE AQUI (MANUALMENTE) Vers\u00e3o 2.0 (PERMITA A INSTALA\u00c7\u00c3O CASO BLOQUEAR) Caso tenha d\u00favidas na instala\u00e7\u00e3o, use o tutorial abaixo: INSTRU\u00c7\u00d5ES PARA BAIXAR E INSTALAR: &hellip; <\/p>\n","protected":false},"author":1,"featured_media":2027,"parent":0,"menu_order":0,"comment_status":"closed","ping_status":"closed","template":"","meta":{"footnotes":""},"class_list":["post-1039","page","type-page","status-publish","has-post-thumbnail","hentry"],"yoast_head":"<!-- This site is optimized with the Yoast SEO plugin v16.1.1 - https:\/\/yoast.com\/wordpress\/plugins\/seo\/ -->\n<title>Baixe o Aplicativo da Princesa FM - R\u00e1dio Princesa FM 104.9 Mhz<\/title>\n<link rel=\"canonical\" href=\"https:\/\/radioprincesa2010.com.br\/fm\/baixe-o-aplicativo-da-princesa-fm\/\" \/>\n<meta property=\"og:locale\" content=\"pt_BR\" \/>\n<meta property=\"og:type\" content=\"article\" \/>\n<meta property=\"og:title\" content=\"Baixe o Aplicativo da Princesa FM - R\u00e1dio Princesa FM 104.9 Mhz\" \/>\n<meta property=\"og:description\" content=\"Toque abaixo, na op\u00e7\u00e3o que voc\u00ea desejar, para baixar e instalar o Aplicativo Android da Princesa FM 104.9 Mhz de Selbach\/RS. Ou\u00e7a em alta qualidade de \u00e1udio abaixo: ATUALIZADO EM: 22\/02\/2020 BAIXE AQUI (MANUALMENTE) Vers\u00e3o 2.0 (PERMITA A INSTALA\u00c7\u00c3O CASO BLOQUEAR) Caso tenha d\u00favidas na instala\u00e7\u00e3o, use o tutorial abaixo: INSTRU\u00c7\u00d5ES PARA BAIXAR E INSTALAR: &hellip;\" \/>\n<meta property=\"og:url\" content=\"https:\/\/radioprincesa2010.com.br\/fm\/baixe-o-aplicativo-da-princesa-fm\/\" \/>\n<meta property=\"og:site_name\" content=\"R\u00e1dio Princesa FM 104.9 Mhz\" \/>\n<meta property=\"article:modified_time\" content=\"2020-05-11T12:40:00+00:00\" \/>\n<meta property=\"og:image\" content=\"https:\/\/radioprincesa2010.com.br\/fm\/wp-content\/uploads\/2020\/02\/LOGO.png\" \/>\n\t<meta property=\"og:image:width\" content=\"235\" \/>\n\t<meta property=\"og:image:height\" content=\"235\" \/>\n<meta name=\"twitter:card\" content=\"summary_large_image\" \/>\n<meta name=\"twitter:label1\" content=\"Est. tempo de leitura\">\n\t<meta name=\"twitter:data1\" content=\"1 minuto\">\n<script type=\"application\/ld+json\" class=\"yoast-schema-graph\">{\"@context\":\"https:\/\/schema.org\",\"@graph\":[{\"@type\":\"WebSite\",\"@id\":\"https:\/\/radioprincesa2010.com.br\/fm\/#website\",\"url\":\"https:\/\/radioprincesa2010.com.br\/fm\/\",\"name\":\"R\\u00e1dio Princesa FM 104.9 Mhz\",\"description\":\"Com voc\\u00ea o tempo todo\",\"potentialAction\":[{\"@type\":\"SearchAction\",\"target\":\"https:\/\/radioprincesa2010.com.br\/fm\/?s={search_term_string}\",\"query-input\":\"required name=search_term_string\"}],\"inLanguage\":\"pt-BR\"},{\"@type\":\"ImageObject\",\"@id\":\"https:\/\/radioprincesa2010.com.br\/fm\/baixe-o-aplicativo-da-princesa-fm\/#primaryimage\",\"inLanguage\":\"pt-BR\",\"url\":\"https:\/\/radioprincesa2010.com.br\/fm\/wp-content\/uploads\/2020\/02\/LOGO.png\",\"contentUrl\":\"https:\/\/radioprincesa2010.com.br\/fm\/wp-content\/uploads\/2020\/02\/LOGO.png\",\"width\":235,\"height\":235},{\"@type\":\"WebPage\",\"@id\":\"https:\/\/radioprincesa2010.com.br\/fm\/baixe-o-aplicativo-da-princesa-fm\/#webpage\",\"url\":\"https:\/\/radioprincesa2010.com.br\/fm\/baixe-o-aplicativo-da-princesa-fm\/\",\"name\":\"Baixe o Aplicativo da Princesa FM - R\\u00e1dio Princesa FM 104.9 Mhz\",\"isPartOf\":{\"@id\":\"https:\/\/radioprincesa2010.com.br\/fm\/#website\"},\"primaryImageOfPage\":{\"@id\":\"https:\/\/radioprincesa2010.com.br\/fm\/baixe-o-aplicativo-da-princesa-fm\/#primaryimage\"},\"datePublished\":\"2018-09-13T02:01:51+00:00\",\"dateModified\":\"2020-05-11T12:40:00+00:00\",\"breadcrumb\":{\"@id\":\"https:\/\/radioprincesa2010.com.br\/fm\/baixe-o-aplicativo-da-princesa-fm\/#breadcrumb\"},\"inLanguage\":\"pt-BR\",\"potentialAction\":[{\"@type\":\"ReadAction\",\"target\":[\"https:\/\/radioprincesa2010.com.br\/fm\/baixe-o-aplicativo-da-princesa-fm\/\"]}]},{\"@type\":\"BreadcrumbList\",\"@id\":\"https:\/\/radioprincesa2010.com.br\/fm\/baixe-o-aplicativo-da-princesa-fm\/#breadcrumb\",\"itemListElement\":[{\"@type\":\"ListItem\",\"position\":1,\"item\":{\"@type\":\"WebPage\",\"@id\":\"https:\/\/radioprincesa2010.com.br\/fm\/\",\"url\":\"https:\/\/radioprincesa2010.com.br\/fm\/\",\"name\":\"In\\u00edcio\"}},{\"@type\":\"ListItem\",\"position\":2,\"item\":{\"@type\":\"WebPage\",\"@id\":\"https:\/\/radioprincesa2010.com.br\/fm\/baixe-o-aplicativo-da-princesa-fm\/\",\"url\":\"https:\/\/radioprincesa2010.com.br\/fm\/baixe-o-aplicativo-da-princesa-fm\/\",\"name\":\"Baixe o Aplicativo da Princesa FM\"}}]}]}<\/script>\n<!-- \/ Yoast SEO plugin. -->","_links":{"self":[{"href":"https:\/\/radioprincesa2010.com.br\/fm\/wp-json\/wp\/v2\/pages\/1039","targetHints":{"allow":["GET"]}}],"collection":[{"href":"https:\/\/radioprincesa2010.com.br\/fm\/wp-json\/wp\/v2\/pages"}],"about":[{"href":"https:\/\/radioprincesa2010.com.br\/fm\/wp-json\/wp\/v2\/types\/page"}],"author":[{"embeddable":true,"href":"https:\/\/radioprincesa2010.com.br\/fm\/wp-json\/wp\/v2\/users\/1"}],"replies":[{"embeddable":true,"href":"https:\/\/radioprincesa2010.com.br\/fm\/wp-json\/wp\/v2\/comments?post=1039"}],"version-history":[{"count":33,"href":"https:\/\/radioprincesa2010.com.br\/fm\/wp-json\/wp\/v2\/pages\/1039\/revisions"}],"predecessor-version":[{"id":2374,"href":"https:\/\/radioprincesa2010.com.br\/fm\/wp-json\/wp\/v2\/pages\/1039\/revisions\/2374"}],"wp:featuredmedia":[{"embeddable":true,"href":"https:\/\/radioprincesa2010.com.br\/fm\/wp-json\/wp\/v2\/media\/2027"}],"wp:attachment":[{"href":"https:\/\/radioprincesa2010.com.br\/fm\/wp-json\/wp\/v2\/media?parent=1039"}],"curies":[{"name":"wp","href":"https:\/\/api.w.org\/{rel}","templated":true}]}}